{"id":42,"date":"2019-08-14T09:25:18","date_gmt":"2019-08-14T09:25:18","guid":{"rendered":"http:\/\/oscarpavoni.com\/?page_id=42"},"modified":"2025-09-26T19:36:04","modified_gmt":"2025-09-26T19:36:04","slug":"home","status":"publish","type":"page","link":"https:\/\/oscarpavoni.com\/","title":{"rendered":"Home"},"content":{"rendered":"\t\t<div data-elementor-type=\"wp-post\" data-elementor-id=\"42\" class=\"elementor elementor-42\">\n\t\t\t\t\t\t<section class=\"elementor-section elementor-top-section elementor-element elementor-element-54e5b05c elementor-section-height-min-height elementor-section-boxed elementor-section-height-default elementor-section-items-middle\" data-id=\"54e5b05c\" data-element_type=\"section\" data-settings=\"{&quot;background_background&quot;:&quot;gradient&quot;}\">\n\t\t\t\t\t\t\t<div class=\"elementor-background-overlay\"><\/div>\n\t\t\t\t\t\t\t<div class=\"elementor-container elementor-column-gap-default\">\n\t\t\t\t\t<div class=\"elementor-column elementor-col-100 elementor-top-column elementor-element elementor-element-510d81d7\" data-id=\"510d81d7\" data-element_type=\"column\">\n\t\t\t<div class=\"elementor-widget-wrap elementor-element-populated\">\n\t\t\t\t\t\t<div class=\"elementor-element elementor-element-6ef7ae5 elementor-widget-divider--view-line elementor-widget elementor-widget-divider\" data-id=\"6ef7ae5\" data-element_type=\"widget\" data-widget_type=\"divider.default\">\n\t\t\t\t<div class=\"elementor-widget-container\">\n\t\t\t\t\t\t\t<div class=\"elementor-divider\">\n\t\t\t<span class=\"elementor-divider-separator\">\n\t\t\t\t\t\t<\/span>\n\t\t<\/div>\n\t\t\t\t\t\t<\/div>\n\t\t\t\t<\/div>\n\t\t\t\t<div class=\"elementor-element elementor-element-703a1b1b elementor-widget elementor-widget-heading\" data-id=\"703a1b1b\" data-element_type=\"widget\" data-widget_type=\"heading.default\">\n\t\t\t\t<div class=\"elementor-widget-container\">\n\t\t\t\t\t<h2 class=\"elementor-heading-title elementor-size-xl\">...la \"Normalit\u00e0\" \u00e8 un concetto che deriva dal contesto in cui \u00e8 inserita...<\/h2>\t\t\t\t<\/div>\n\t\t\t\t<\/div>\n\t\t\t\t<div class=\"elementor-element elementor-element-4fbb694 gallery-spacing-custom elementor-widget elementor-widget-image-gallery\" data-id=\"4fbb694\" data-element_type=\"widget\" data-widget_type=\"image-gallery.default\">\n\t\t\t\t<div class=\"elementor-widget-container\">\n\t\t\t\t\t\t\t<div class=\"elementor-image-gallery\">\n\t\t\t<div id='gallery-1' class='gallery galleryid-42 gallery-columns-3 gallery-size-medium'><figure class='gallery-item'>\n\t\t\t<div class='gallery-icon landscape'>\n\t\t\t\t<a data-elementor-open-lightbox=\"yes\" data-elementor-lightbox-slideshow=\"4fbb694\" data-elementor-lightbox-title=\"Gregge-1\" data-e-action-hash=\"#elementor-action%3Aaction%3Dlightbox%26settings%3DeyJpZCI6MTY0LCJ1cmwiOiJodHRwOlwvXC9vc2NhcnBhdm9uaS5jb21cL3dwLWNvbnRlbnRcL3VwbG9hZHNcLzIwMTlcLzA4XC9HcmVnZ2UtMS0yLmpwZyIsInNsaWRlc2hvdyI6IjRmYmI2OTQifQ%3D%3D\" href='http:\/\/oscarpavoni.com\/wp-content\/uploads\/2019\/08\/Gregge-1-2.jpg'><img fetchpriority=\"high\" decoding=\"async\" width=\"300\" height=\"250\" src=\"http:\/\/oscarpavoni.com\/wp-content\/uploads\/2019\/08\/Gregge-1-2-300x250.jpg\" class=\"attachment-medium size-medium\" alt=\"\" srcset=\"http:\/\/oscarpavoni.com\/wp-content\/uploads\/2019\/08\/Gregge-1-2-300x250.jpg 300w, http:\/\/oscarpavoni.com\/wp-content\/uploads\/2019\/08\/Gregge-1-2.jpg 500w\" sizes=\"(max-width: 300px) 100vw, 300px\" \/><\/a>\n\t\t\t<\/div><\/figure><figure class='gallery-item'>\n\t\t\t<div class='gallery-icon landscape'>\n\t\t\t\t<a data-elementor-open-lightbox=\"yes\" data-elementor-lightbox-slideshow=\"4fbb694\" data-elementor-lightbox-title=\"Gregge-2\" data-e-action-hash=\"#elementor-action%3Aaction%3Dlightbox%26settings%3DeyJpZCI6MTY1LCJ1cmwiOiJodHRwOlwvXC9vc2NhcnBhdm9uaS5jb21cL3dwLWNvbnRlbnRcL3VwbG9hZHNcLzIwMTlcLzA4XC9HcmVnZ2UtMi0xLmpwZyIsInNsaWRlc2hvdyI6IjRmYmI2OTQifQ%3D%3D\" href='http:\/\/oscarpavoni.com\/wp-content\/uploads\/2019\/08\/Gregge-2-1.jpg'><img decoding=\"async\" width=\"300\" height=\"250\" src=\"http:\/\/oscarpavoni.com\/wp-content\/uploads\/2019\/08\/Gregge-2-1-300x250.jpg\" class=\"attachment-medium size-medium\" alt=\"\" srcset=\"http:\/\/oscarpavoni.com\/wp-content\/uploads\/2019\/08\/Gregge-2-1-300x250.jpg 300w, http:\/\/oscarpavoni.com\/wp-content\/uploads\/2019\/08\/Gregge-2-1.jpg 500w\" sizes=\"(max-width: 300px) 100vw, 300px\" \/><\/a>\n\t\t\t<\/div><\/figure>\n\t\t<\/div>\n\t\t<\/div>\n\t\t\t\t\t\t<\/div>\n\t\t\t\t<\/div>\n\t\t\t\t<div class=\"elementor-element elementor-element-11b214a elementor-widget elementor-widget-heading\" data-id=\"11b214a\" data-element_type=\"widget\" data-widget_type=\"heading.default\">\n\t\t\t\t<div class=\"elementor-widget-container\">\n\t\t\t\t\t<h2 class=\"elementor-heading-title elementor-size-xl\">...Entrate nella mia \"Normalit\u00e0\"...\u200b<\/h2>\t\t\t\t<\/div>\n\t\t\t\t<\/div>\n\t\t\t\t<div class=\"elementor-element elementor-element-2bbe42c elementor-widget-divider--view-line elementor-widget elementor-widget-divider\" data-id=\"2bbe42c\" data-element_type=\"widget\" data-widget_type=\"divider.default\">\n\t\t\t\t<div class=\"elementor-widget-container\">\n\t\t\t\t\t\t\t<div class=\"elementor-divider\">\n\t\t\t<span class=\"elementor-divider-separator\">\n\t\t\t\t\t\t<\/span>\n\t\t<\/div>\n\t\t\t\t\t\t<\/div>\n\t\t\t\t<\/div>\n\t\t\t\t\t<\/div>\n\t\t<\/div>\n\t\t\t\t\t<\/div>\n\t\t<\/section>\n\t\t\t\t<section class=\"elementor-section elementor-top-section elementor-element elementor-element-33c82fd elementor-section-boxed elementor-section-height-default elementor-section-height-default\" data-id=\"33c82fd\" data-element_type=\"section\">\n\t\t\t\t\t\t<div class=\"elementor-container elementor-column-gap-default\">\n\t\t\t\t\t<div class=\"elementor-column elementor-col-100 elementor-top-column elementor-element elementor-element-0fc3c3e\" data-id=\"0fc3c3e\" data-element_type=\"column\">\n\t\t\t<div class=\"elementor-widget-wrap elementor-element-populated\">\n\t\t\t\t\t\t<section class=\"elementor-section elementor-inner-section elementor-element elementor-element-50cbf4a elementor-section-boxed elementor-section-height-default elementor-section-height-default\" data-id=\"50cbf4a\" data-element_type=\"section\">\n\t\t\t\t\t\t<div class=\"elementor-container elementor-column-gap-default\">\n\t\t\t\t\t<div class=\"elementor-column elementor-col-50 elementor-inner-column elementor-element elementor-element-96a2c39\" data-id=\"96a2c39\" data-element_type=\"column\">\n\t\t\t<div class=\"elementor-widget-wrap elementor-element-populated\">\n\t\t\t\t\t\t<div class=\"elementor-element elementor-element-f23a740 elementor-widget elementor-widget-image\" data-id=\"f23a740\" data-element_type=\"widget\" data-widget_type=\"image.default\">\n\t\t\t\t<div class=\"elementor-widget-container\">\n\t\t\t\t\t\t\t\t\t\t\t\t\t\t\t<img decoding=\"async\" width=\"882\" height=\"283\" src=\"http:\/\/oscarpavoni.com\/wp-content\/uploads\/2025\/09\/PXL_20250824_184055320.MP-removebg-preview.png\" class=\"attachment-large size-large wp-image-1265\" alt=\"\" srcset=\"http:\/\/oscarpavoni.com\/wp-content\/uploads\/2025\/09\/PXL_20250824_184055320.MP-removebg-preview.png 882w, http:\/\/oscarpavoni.com\/wp-content\/uploads\/2025\/09\/PXL_20250824_184055320.MP-removebg-preview-300x96.png 300w, http:\/\/oscarpavoni.com\/wp-content\/uploads\/2025\/09\/PXL_20250824_184055320.MP-removebg-preview-768x246.png 768w\" sizes=\"(max-width: 882px) 100vw, 882px\" \/>\t\t\t\t\t\t\t\t\t\t\t\t\t\t\t<\/div>\n\t\t\t\t<\/div>\n\t\t\t\t\t<\/div>\n\t\t<\/div>\n\t\t\t\t<div class=\"elementor-column elementor-col-50 elementor-inner-column elementor-element elementor-element-018a17e\" data-id=\"018a17e\" data-element_type=\"column\">\n\t\t\t<div class=\"elementor-widget-wrap elementor-element-populated\">\n\t\t\t\t\t\t<div class=\"elementor-element elementor-element-d25b143 elementor-widget elementor-widget-image\" data-id=\"d25b143\" data-element_type=\"widget\" data-widget_type=\"image.default\">\n\t\t\t\t<div class=\"elementor-widget-container\">\n\t\t\t\t\t\t\t\t\t\t\t\t\t\t\t<img loading=\"lazy\" decoding=\"async\" width=\"1024\" height=\"225\" src=\"http:\/\/oscarpavoni.com\/wp-content\/uploads\/2025\/09\/PXL_20250824_184208091.MP2-removebg-preview-1024x225.png\" class=\"attachment-large size-large wp-image-1266\" alt=\"\" srcset=\"http:\/\/oscarpavoni.com\/wp-content\/uploads\/2025\/09\/PXL_20250824_184208091.MP2-removebg-preview-1024x225.png 1024w, http:\/\/oscarpavoni.com\/wp-content\/uploads\/2025\/09\/PXL_20250824_184208091.MP2-removebg-preview-300x66.png 300w, http:\/\/oscarpavoni.com\/wp-content\/uploads\/2025\/09\/PXL_20250824_184208091.MP2-removebg-preview-768x169.png 768w, http:\/\/oscarpavoni.com\/wp-content\/uploads\/2025\/09\/PXL_20250824_184208091.MP2-removebg-preview.png 1066w\" sizes=\"(max-width: 1024px) 100vw, 1024px\" \/>\t\t\t\t\t\t\t\t\t\t\t\t\t\t\t<\/div>\n\t\t\t\t<\/div>\n\t\t\t\t\t<\/div>\n\t\t<\/div>\n\t\t\t\t\t<\/div>\n\t\t<\/section>\n\t\t\t\t\t<\/div>\n\t\t<\/div>\n\t\t\t\t\t<\/div>\n\t\t<\/section>\n\t\t\t\t<section class=\"elementor-section elementor-top-section elementor-element elementor-element-56704987 elementor-section-content-middle elementor-section-boxed elementor-section-height-default elementor-section-height-default\" data-id=\"56704987\" data-element_type=\"section\" data-settings=\"{&quot;background_background&quot;:&quot;classic&quot;}\">\n\t\t\t\t\t\t<div class=\"elementor-container elementor-column-gap-no\">\n\t\t\t\t\t<div class=\"elementor-column elementor-col-100 elementor-top-column elementor-element elementor-element-65fffd8d\" data-id=\"65fffd8d\" data-element_type=\"column\">\n\t\t\t<div class=\"elementor-widget-wrap elementor-element-populated\">\n\t\t\t\t\t\t<div class=\"elementor-element elementor-element-175ac617 elementor-widget elementor-widget-heading\" data-id=\"175ac617\" data-element_type=\"widget\" data-widget_type=\"heading.default\">\n\t\t\t\t<div class=\"elementor-widget-container\">\n\t\t\t\t\t<h5 class=\"elementor-heading-title elementor-size-default\">Contatto<\/h5>\t\t\t\t<\/div>\n\t\t\t\t<\/div>\n\t\t\t\t<div class=\"elementor-element elementor-element-f71190c elementor-widget elementor-widget-heading\" data-id=\"f71190c\" data-element_type=\"widget\" data-widget_type=\"heading.default\">\n\t\t\t\t<div class=\"elementor-widget-container\">\n\t\t\t\t\t<h4 class=\"elementor-heading-title elementor-size-default\">Per qualsiasi informazione e\/o comunicazione con l'artista:<\/h4>\t\t\t\t<\/div>\n\t\t\t\t<\/div>\n\t\t\t\t<div class=\"elementor-element elementor-element-48b2677a elementor-widget elementor-widget-heading\" data-id=\"48b2677a\" data-element_type=\"widget\" data-widget_type=\"heading.default\">\n\t\t\t\t<div class=\"elementor-widget-container\">\n\t\t\t\t\t<h4 class=\"elementor-heading-title elementor-size-default\">oscarpavoni@hotmail.com<\/h4>\t\t\t\t<\/div>\n\t\t\t\t<\/div>\n\t\t\t\t\t<\/div>\n\t\t<\/div>\n\t\t\t\t\t<\/div>\n\t\t<\/section>\n\t\t\t\t<section class=\"elementor-section elementor-top-section elementor-element elementor-element-5226486 elementor-section-content-middle elementor-section-boxed elementor-section-height-default elementor-section-height-default\" data-id=\"5226486\" data-element_type=\"section\">\n\t\t\t\t\t\t<div class=\"elementor-container elementor-column-gap-default\">\n\t\t\t\t\t<div class=\"elementor-column elementor-col-100 elementor-top-column elementor-element elementor-element-1357184\" data-id=\"1357184\" data-element_type=\"column\">\n\t\t\t<div class=\"elementor-widget-wrap elementor-element-populated\">\n\t\t\t\t\t\t<div class=\"elementor-element elementor-element-d123d2d elementor-widget__width-auto elementor-widget elementor-widget-wp-widget-visitors_widget\" data-id=\"d123d2d\" data-element_type=\"widget\" data-widget_type=\"wp-widget-visitors_widget.default\">\n\t\t\t\t<div class=\"elementor-widget-container\">\n\t\t\t\t\t<input type=\"hidden\" class=\"random_prefix_val\" value=\"2857\" \/><input type=\"hidden\" id=\"graph_info_2857\" value='[[\"\",\"\"],[0,46],[6,450],[12,0],[18,0]]' \/>\n\t\t\t<style>\n\t\t\t.widget_type_2{\n\t\t\t\tborder:1px solid #171717;\n\t\t\t\tborder-radius: 4px;\n\t\t\t\tmax-width:176px;\n\t\t\t\tbackground-color: transparent;\n\t\t\t\tposition:relative;\n\t\t\t\tfont-family: \"Exo 2\", sans-serif;\n\t\t\t}\n\t\t\t.widget_type_2 .type_2_row_1{\n\t\t \n\t\t\t\t  font-size: 36px;\n\t\t\t\t  font-weight: 300;\n\t\t\t\t  font-style: normal;\n\t\t\t\t  font-stretch: normal;\n\t\t\t\t  line-height: normal;\n\t\t\t\t  letter-spacing: normal;\n\t\t\t\t  text-align: center;\n\t\t\t\t  color: #f4f6fc;\n\t\t\t\t\tmargin-top:20px;\n\t\t\t\t\tmargin-bottom: 5px;\n\t\t\t}\n\t\t\t.widget_type_2 .type_2_row_2{\n\t\t\t\tfont-size: 11px;\n\t\t\t\tline-height: 11px;\n\t\t\t\tfont-weight: 600;\n\t\t\t\tfont-style: normal;\n\t\t\t\tfont-stretch: normal;\n\t\t\t\ttext-transform:uppercase;\n\t\t\t\tletter-spacing: 0.8px;\n\t\t\t\ttext-align: center;\n\t\t\t\tcolor: #b7c0cd;\n\t\t\t\tmargin-bottom: 20px;\n\t\t\t}\n\t\t\t.widget_type_2 .type_2_row_3{\n\t\t\t\tfont-size: 20px;\n\t\t\t\t  font-weight: 300;\n\t\t\t\t  font-style: normal;\n\t\t\t\t  font-stretch: normal;\n\t\t\t\t  line-height: normal;\n\t\t\t\t  letter-spacing: normal;\n\t\t\t\t  text-align: center;\n\t\t\t\t  color: #f4f6fc;\n\t\t\t}\n\t\t\t.widget_type_2 .type_2_row_4{\n\t\t\t\tfont-size: 11px;\n\t\t\t\t  font-weight: 600;\n\t\t\t\t  font-style: normal;\n\t\t\t\t  font-stretch: normal;\n\t\t\t\t  letter-spacing: 0.8px;\n\t\t\t\t  text-align: center;\n\t\t\t\t  color: #b7c0cd;\n\t\t\t\t  margin-bottom:40px;\n\t\t\t\t  text-transform:uppercase;\n\t\t\t}\n\t\t\t.widget_type_2 .bottom_branding{\n\t\t\t\tposition:absolute;\n\t\t\t\tbottom:0px;\n\t\t\t\tleft:0px;\n\t\t\t\tright:0px;\n\t\t\t\tpadding:5px;\n\t\t\t\ttext-align:center;\n\t\t\t}\n\t\t\t<\/style>\n\t\t\t<div class=\"visitor_widget widget_type_2\">\n\t\t\t\t<div class=\"type_2_row_1\">496<\/div>\n\t\t\t\t<div class=\"type_2_row_2\">Visitors Today<\/div>\n\t\t\t\t<div class=\"type_2_row_3\">242243<\/div>\n\t\t\t\t<div class=\"type_2_row_4\">Total Visitors<\/div>\n\t\t\t\t<div class=\"bottom_branding\">\n                    <a href=\"https:\/\/visitorplugin.com\/\">\n                        <img decoding=\"async\" src=\"https:\/\/oscarpavoni.com\/wp-content\/plugins\/wp-visitors-widget\/modules\/images\/logo-dark-copy-2.png\" width=\"80\" \/>\n                    <\/a>\n\t\t\t\t<\/div>\n\t\t\t<\/div>\n\t\t\t\t\t\t\t<\/div>\n\t\t\t\t<\/div>\n\t\t\t\t\t<\/div>\n\t\t<\/div>\n\t\t\t\t\t<\/div>\n\t\t<\/section>\n\t\t\t\t<\/div>\n\t\t","protected":false},"excerpt":{"rendered":"<p>&#8230;la &#8220;Normalit\u00e0&#8221; \u00e8 un concetto che deriva dal contesto in cui \u00e8 inserita&#8230; &#8230;Entrate nella mia &#8220;Normalit\u00e0&#8221;&#8230;\u200b Contatto Per qualsiasi informazione e\/o comunicazione con l&#8217;artista: oscarpavoni@hotmail.com<\/p>\n","protected":false},"author":1,"featured_media":0,"parent":0,"menu_order":0,"comment_status":"closed","ping_status":"closed","template":"elementor_header_footer","meta":{"_monsterinsights_skip_tracking":false,"_monsterinsights_sitenote_active":false,"_monsterinsights_sitenote_note":"","_monsterinsights_sitenote_category":0,"ocean_post_layout":"full-screen","ocean_both_sidebars_style":"","ocean_both_sidebars_content_width":0,"ocean_both_sidebars_sidebars_width":0,"ocean_sidebar":"0","ocean_second_sidebar":"0","ocean_disable_margins":"enable","ocean_add_body_class":"","ocean_shortcode_before_top_bar":"","ocean_shortcode_after_top_bar":"","ocean_shortcode_before_header":"","ocean_shortcode_after_header":"","ocean_has_shortcode":"","ocean_shortcode_after_title":"","ocean_shortcode_before_footer_widgets":"","ocean_shortcode_after_footer_widgets":"","ocean_shortcode_before_footer_bottom":"","ocean_shortcode_after_footer_bottom":"","ocean_display_top_bar":"default","ocean_display_header":"default","ocean_header_style":"","ocean_center_header_left_menu":"0","ocean_custom_header_template":"0","ocean_custom_logo":0,"ocean_custom_retina_logo":0,"ocean_custom_logo_max_width":0,"ocean_custom_logo_tablet_max_width":0,"ocean_custom_logo_mobile_max_width":0,"ocean_custom_logo_max_height":0,"ocean_custom_logo_tablet_max_height":0,"ocean_custom_logo_mobile_max_height":0,"ocean_header_custom_menu":"0","ocean_menu_typo_font_family":"0","ocean_menu_typo_font_subset":"","ocean_menu_typo_font_size":0,"ocean_menu_typo_font_size_tablet":0,"ocean_menu_typo_font_size_mobile":0,"ocean_menu_typo_font_size_unit":"px","ocean_menu_typo_font_weight":"","ocean_menu_typo_font_weight_tablet":"","ocean_menu_typo_font_weight_mobile":"","ocean_menu_typo_transform":"","ocean_menu_typo_transform_tablet":"","ocean_menu_typo_transform_mobile":"","ocean_menu_typo_line_height":0,"ocean_menu_typo_line_height_tablet":0,"ocean_menu_typo_line_height_mobile":0,"ocean_menu_typo_line_height_unit":"","ocean_menu_typo_spacing":0,"ocean_menu_typo_spacing_tablet":0,"ocean_menu_typo_spacing_mobile":0,"ocean_menu_typo_spacing_unit":"","ocean_menu_link_color":"","ocean_menu_link_color_hover":"","ocean_menu_link_color_active":"","ocean_menu_link_background":"","ocean_menu_link_hover_background":"","ocean_menu_link_active_background":"","ocean_menu_social_links_bg":"","ocean_menu_social_hover_links_bg":"","ocean_menu_social_links_color":"","ocean_menu_social_hover_links_color":"","ocean_disable_title":"on","ocean_disable_heading":"default","ocean_post_title":"","ocean_post_subheading":"","ocean_post_title_style":"","ocean_post_title_background_color":"","ocean_post_title_background":0,"ocean_post_title_bg_image_position":"","ocean_post_title_bg_image_attachment":"","ocean_post_title_bg_image_repeat":"","ocean_post_title_bg_image_size":"","ocean_post_title_height":0,"ocean_post_title_bg_overlay":0.5,"ocean_post_title_bg_overlay_color":"","ocean_disable_breadcrumbs":"default","ocean_breadcrumbs_color":"","ocean_breadcrumbs_separator_color":"","ocean_breadcrumbs_links_color":"","ocean_breadcrumbs_links_hover_color":"","ocean_display_footer_widgets":"default","ocean_display_footer_bottom":"default","ocean_custom_footer_template":"0","footnotes":""},"class_list":["post-42","page","type-page","status-publish","hentry","entry"],"_links":{"self":[{"href":"https:\/\/oscarpavoni.com\/index.php?rest_route=\/wp\/v2\/pages\/42","targetHints":{"allow":["GET"]}}],"collection":[{"href":"https:\/\/oscarpavoni.com\/index.php?rest_route=\/wp\/v2\/pages"}],"about":[{"href":"https:\/\/oscarpavoni.com\/index.php?rest_route=\/wp\/v2\/types\/page"}],"author":[{"embeddable":true,"href":"https:\/\/oscarpavoni.com\/index.php?rest_route=\/wp\/v2\/users\/1"}],"replies":[{"embeddable":true,"href":"https:\/\/oscarpavoni.com\/index.php?rest_route=%2Fwp%2Fv2%2Fcomments&post=42"}],"version-history":[{"count":33,"href":"https:\/\/oscarpavoni.com\/index.php?rest_route=\/wp\/v2\/pages\/42\/revisions"}],"predecessor-version":[{"id":1269,"href":"https:\/\/oscarpavoni.com\/index.php?rest_route=\/wp\/v2\/pages\/42\/revisions\/1269"}],"wp:attachment":[{"href":"https:\/\/oscarpavoni.com\/index.php?rest_route=%2Fwp%2Fv2%2Fmedia&parent=42"}],"curies":[{"name":"wp","href":"https:\/\/api.w.org\/{rel}","templated":true}]}}